{"id":14,"date":"2021-12-29T00:47:41","date_gmt":"2021-12-29T00:47:41","guid":{"rendered":"https:\/\/siegmar.kohlenbrenner.com\/?page_id=14"},"modified":"2022-01-04T15:14:44","modified_gmt":"2022-01-04T15:14:44","slug":"home","status":"publish","type":"page","link":"https:\/\/siegmar.kohlenbrenner.com\/de\/","title":{"rendered":"Home"},"content":{"rendered":"<p class=\"has-text-align-center\">Gutes und Barmherzigkeit werden mir folgen mein Leben lang. <br>Psalm 23 : 6<\/p>\n\n\n\n<h1 class=\"has-text-align-center has-black-color has-text-color wp-block-heading\">SIEGMAR KOHLENBRENNER<\/h1>\n\n\n\n<p class=\"has-text-align-center\">17 Feb 1943 &#8211; 27 Dec 2021<\/p>\n\n\n\n<p class=\"has-text-align-center\" style=\"font-size:17px\">Mein Geliebter durfte in meinen Armen in Frieden zur\u00fcck zu seinem Herrn. Wir danken Gott f\u00fcr sein Leben. Er hat den guten Kampf gek\u00e4mpft,<br>er hat den Lauf vollendet, er hat Glauben gehalten. Hinfort liegt f\u00fcr ihn bereit die Krone der Gerechtigkeit.<br>Jetzt wartet er auf uns.<\/p>\n\n\n\n<p class=\"has-text-align-center has-normal-font-size\">Irene Kohlenbrenner mit ihren Kindern<br>Stefanie und Peter Mayeur, Simon und Nadine Kohlenbrenner, <br>Daniel und Lydie Kohlenbrenner, Tabea und Markus Decker, <br>Stephanus und Hanna Kohlenbrenner, Rebekka und Laurent Jacquemart, <br>Esther und Samuel Prosec, Jonathan Kohlenbrenner <br>und mit ihren 18 Enkelkindern<\/p>\n\n\n\n<h2 class=\"has-text-align-center has-black-color has-text-color wp-block-heading\"><\/h2>\n\n\n\n<p class=\"has-text-align-center has-normal-font-size\">Die Liebe ist langm\u00fctig und freundlich, die Liebe eifert nicht, die Liebe treibt nicht Mutwillen, sie bl\u00e4ht sich nicht auf, <br>sie verh\u00e4lt sich nicht ungeh\u00f6rig, sie sucht nicht das Ihre, sie l\u00e4sst sich nicht erbittern, sie rechnet das B\u00f6se nicht zu, <br>sie freut sich nicht \u00fcber die Ungerechtigkeit, sie freut sich aber an der Wahrheit; sie ertr\u00e4gt alles, sie glaubt alles, <br>sie hofft alles, sie duldet alles. Die Liebe h\u00f6ret nimmer auf.<\/p>\n\n\n\n<p class=\"has-text-align-center has-normal-font-size\">Nun aber bleiben Glaube, Hoffnung, Liebe, diese drei; aber die Liebe ist die gr\u00f6\u00dfte unter ihnen. <br>Aus 1. Korinther 13<\/p>","protected":false},"excerpt":{"rendered":"<p>Goodness and mercy shall follow me all the days of my life. Psalm 23 : 6 SIEGMAR KOHLENBRENNER 17 Feb 1943 &#8211; 27 Dec 2021 My beloved went back to be with his Lord, while being in my arms. We thank God for his life. He has fought the good fight,he has finished the course. <a href=\"https:\/\/siegmar.kohlenbrenner.com\/de\/\" class=\"read-more inline\">Read More<\/a><\/p>","protected":false},"author":1,"featured_media":0,"parent":0,"menu_order":0,"comment_status":"closed","ping_status":"closed","template":"template-full-width-no-page-title.php","meta":{"footnotes":""},"class_list":["post-14","page","type-page","status-publish","hentry"],"_links":{"self":[{"href":"https:\/\/siegmar.kohlenbrenner.com\/de\/wp-json\/wp\/v2\/pages\/14","targetHints":{"allow":["GET"]}}],"collection":[{"href":"https:\/\/siegmar.kohlenbrenner.com\/de\/wp-json\/wp\/v2\/pages"}],"about":[{"href":"https:\/\/siegmar.kohlenbrenner.com\/de\/wp-json\/wp\/v2\/types\/page"}],"author":[{"embeddable":true,"href":"https:\/\/siegmar.kohlenbrenner.com\/de\/wp-json\/wp\/v2\/users\/1"}],"replies":[{"embeddable":true,"href":"https:\/\/siegmar.kohlenbrenner.com\/de\/wp-json\/wp\/v2\/comments?post=14"}],"version-history":[{"count":26,"href":"https:\/\/siegmar.kohlenbrenner.com\/de\/wp-json\/wp\/v2\/pages\/14\/revisions"}],"predecessor-version":[{"id":143,"href":"https:\/\/siegmar.kohlenbrenner.com\/de\/wp-json\/wp\/v2\/pages\/14\/revisions\/143"}],"wp:attachment":[{"href":"https:\/\/siegmar.kohlenbrenner.com\/de\/wp-json\/wp\/v2\/media?parent=14"}],"curies":[{"name":"wp","href":"https:\/\/api.w.org\/{rel}","templated":true}]}}