{"id":13,"date":"2021-12-29T00:47:41","date_gmt":"2021-12-29T00:47:41","guid":{"rendered":"https:\/\/siegmar.kohlenbrenner.com\/?page_id=13"},"modified":"2022-01-05T09:21:36","modified_gmt":"2022-01-05T09:21:36","slug":"funeral-service","status":"publish","type":"page","link":"https:\/\/siegmar.kohlenbrenner.com\/de\/funeral-service\/","title":{"rendered":"Beerdigung"},"content":{"rendered":"<p class=\"has-text-align-center has-black-color has-text-color\" style=\"font-size:17px\"><strong>The thanksgiving service was held on Sunday, January 2nd 2022 at 2 pm.<\/strong> <br><strong style=\"color: red\">Recording is Temporarily unavailable.<\/strong><\/p>\n\n\n\n<p class=\"has-text-align-center\">Am n\u00e4chsten Tag geben wir seine irdische H\u00fclle der Erde zur\u00fcck.<br>Aufgrund der aktuellen Umst\u00e4nde wird die Teilnahme jeweils nur auf pers\u00f6nliche Einladung erfolgen. Wenn die Beschr\u00e4nkungen aufgehoben sind, <br>m\u00f6chten wir besondere Versammlungen\nzu Ehren und Fortsetzung der B\u00fcrde und Vision von Br. Kohlenbrenner planen.<\/p>\n\n\n\n<p class=\"has-text-align-center\"><div style=\"width: 1000px; max-width: 100%\"><div class=\"ce-video-container\"><link rel=\"stylesheet\" href=\"https:\/\/lcab.org\/libs\/plyr.css\" \/>\r\n<script src=\"https:\/\/lcab.org\/libs\/plyr.js\"><\/script>\r\n<script src=\"https:\/\/lcab.org\/libs\/hls.min.js\"><\/script>\r\n\r\n<video controls settings crossorigin playsinline poster=\"https:\/\/lcab.org\/img\/sk.png\"><\/video>\r\n<script>\r\nconst customControls = ['play-large', 'play', 'progress', 'current-time', 'duration', 'mute', 'volume', 'settings', 'fullscreen'];\r\nconst defaultOptions = { controls: customControls, ratio: '16:9' };\r\ndefaultOptions.fullscreen = {\r\n    enabled: true, iosNative: true\r\n}\r\n\r\ndocument.addEventListener('DOMContentLoaded', () => {\r\n    const video = document.querySelector('video');\r\n    const source = 'https:\/\/lcab.org:8083\/OTT\/live1old\/playlist_dvr.m3u8';\r\n\r\n    if (!Hls.isSupported()) {\r\n        const player = new Plyr(video, defaultOptions);\r\n        video.src = source;\r\n    } else {\r\n        loadHls(source, false);\r\n    }\r\n});\r\n\r\nfunction loadVideo(source) {\r\n    const video = document.querySelector('video');\r\n\r\n    if (!Hls.isSupported()) {\r\n        video.src = source;\r\n        video.play();\r\n    } else {\r\n        loadHls(source, true);\r\n    }\r\n}\r\n\r\nfunction loadHls(source, play) {\r\n    const video = document.querySelector(\"video\");\r\n    const player = new Plyr(video, defaultOptions);\r\n    const hls = new Hls();\r\n    hls.loadSource(source);\r\n\r\n    hls.on(Hls.Events.MANIFEST_PARSED, function (event, data) {\r\n        if (play == true)\r\n            player.play();\r\n    });\r\n\r\n    hls.on(Hls.Events.ERROR, function (event, data) {\r\n        if (data.fatal) {\r\n            switch (data.type) {\r\n                case Hls.ErrorTypes.NETWORK_ERROR:\r\n                    const player = new Plyr(video, defaultOptions);\r\n                    break;\r\n                default:\r\n                    hls.destroy();\r\n                    break;\r\n            }\r\n        }\r\n    });\r\n\r\n    hls.attachMedia(video);\r\n    window.hls = hls;\r\n}\r\n  <\/script><\/div><\/div><\/p>\n\n\n\n<p class=\"has-text-align-center has-text-color\" style=\"color:#c30d0d;font-size:17px\"><em><strong>Wir bitten darum, die bereitgestellten Inhalte zu keinem Zeitpunkt ohne Genehmigung zu ver\u00f6ffentlichen.<\/strong><\/em><\/p>","protected":false},"excerpt":{"rendered":"<p>The thanksgiving service was held on Sunday, January 2nd 2022 at 2 pm. Recording is Temporarily unavailable. The following day we will give his earthly vessel back to the earth.Due to the current circumstances participation will only take place by personal invitation. Once restrictions are lifted, we would like to plan special services in honor <a href=\"https:\/\/siegmar.kohlenbrenner.com\/de\/funeral-service\/\" class=\"read-more inline\">Read More<\/a><\/p>","protected":false},"author":1,"featured_media":0,"parent":0,"menu_order":0,"comment_status":"closed","ping_status":"closed","template":"template-full-width-no-page-title.php","meta":{"footnotes":""},"class_list":["post-13","page","type-page","status-publish","hentry"],"_links":{"self":[{"href":"https:\/\/siegmar.kohlenbrenner.com\/de\/wp-json\/wp\/v2\/pages\/13","targetHints":{"allow":["GET"]}}],"collection":[{"href":"https:\/\/siegmar.kohlenbrenner.com\/de\/wp-json\/wp\/v2\/pages"}],"about":[{"href":"https:\/\/siegmar.kohlenbrenner.com\/de\/wp-json\/wp\/v2\/types\/page"}],"author":[{"embeddable":true,"href":"https:\/\/siegmar.kohlenbrenner.com\/de\/wp-json\/wp\/v2\/users\/1"}],"replies":[{"embeddable":true,"href":"https:\/\/siegmar.kohlenbrenner.com\/de\/wp-json\/wp\/v2\/comments?post=13"}],"version-history":[{"count":22,"href":"https:\/\/siegmar.kohlenbrenner.com\/de\/wp-json\/wp\/v2\/pages\/13\/revisions"}],"predecessor-version":[{"id":149,"href":"https:\/\/siegmar.kohlenbrenner.com\/de\/wp-json\/wp\/v2\/pages\/13\/revisions\/149"}],"wp:attachment":[{"href":"https:\/\/siegmar.kohlenbrenner.com\/de\/wp-json\/wp\/v2\/media?parent=13"}],"curies":[{"name":"wp","href":"https:\/\/api.w.org\/{rel}","templated":true}]}}